{"id":14007,"date":"2023-07-25T10:48:48","date_gmt":"2023-07-25T14:48:48","guid":{"rendered":"https:\/\/manoirgouin.com\/services-2\/"},"modified":"2024-08-28T16:42:51","modified_gmt":"2024-08-28T20:42:51","slug":"services-2","status":"publish","type":"page","link":"https:\/\/manoirgouin.com\/en\/services-2\/","title":{"rendered":"Services"},"content":{"rendered":"\t\t<div data-elementor-type=\"wp-page\" data-elementor-id=\"14007\" class=\"elementor elementor-14007 elementor-13288\" data-elementor-post-type=\"page\">\n\t\t\t\t\t\t<section class=\"elementor-section elementor-top-section elementor-element elementor-element-3e587529 elementor-section-boxed elementor-section-height-default elementor-section-height-default\" data-id=\"3e587529\" data-element_type=\"section\" data-e-type=\"section\" id=\"soins\" data-settings=\"{&quot;background_background&quot;:&quot;classic&quot;}\">\n\t\t\t\t\t\t<div class=\"elementor-container elementor-column-gap-default\">\n\t\t\t\t\t<div class=\"elementor-column elementor-col-100 elementor-top-column elementor-element elementor-element-28e2c23c elementor-invisible\" data-id=\"28e2c23c\" data-element_type=\"column\" data-e-type=\"column\" data-settings=\"{&quot;animation&quot;:&quot;fadeIn&quot;}\">\n\t\t\t<div class=\"elementor-widget-wrap elementor-element-populated\">\n\t\t\t\t\t\t<div class=\"elementor-element elementor-element-14c869b elementor-widget elementor-widget-heading\" data-id=\"14c869b\" data-element_type=\"widget\" data-e-type=\"widget\" data-widget_type=\"heading.default\">\n\t\t\t\t<div class=\"elementor-widget-container\">\n\t\t\t\t\t<h1 class=\"elementor-heading-title elementor-size-default\">Services<\/h1>\t\t\t\t<\/div>\n\t\t\t\t<\/div>\n\t\t\t\t<div class=\"elementor-element elementor-element-c8b107c elementor-widget elementor-widget-heading\" data-id=\"c8b107c\" data-element_type=\"widget\" data-e-type=\"widget\" data-widget_type=\"heading.default\">\n\t\t\t\t<div class=\"elementor-widget-container\">\n\t\t\t\t\t<h2 class=\"elementor-heading-title elementor-size-default\">Care<\/h2>\t\t\t\t<\/div>\n\t\t\t\t<\/div>\n\t\t\t\t<div class=\"elementor-element elementor-element-7de2b56d elementor-widget elementor-widget-text-editor\" data-id=\"7de2b56d\" data-element_type=\"widget\" data-e-type=\"widget\" data-widget_type=\"text-editor.default\">\n\t\t\t\t<div class=\"elementor-widget-container\">\n\t\t\t\t\t\t\t\t\t<p>A range of care, based on our experience of the needs of the elderly and complementing the services offered by the local CLSC, is provided by our attentive care team.<\/p>\n<h4 class=\"fusion-responsive-typography-calculated\" data-fontsize=\"24\" data-lineheight=\"40.08px\">The team<\/h4>\n<p>Our team of dedicated orderlies, patient-focused nursing assistants and qualified night supervisors receive training in accordance with the requirements of the Minist\u00e8re de la Sant\u00e9 et des Services Sociaux. The techniques taught are reviewed and updated throughout their careers, so that they are always on the cutting edge of new care methods.<\/p>\n<h4 class=\"fusion-responsive-typography-calculated\" data-fontsize=\"24\" data-lineheight=\"40.08px\">Fortnightly visit from the doctor<\/h4>\n<p>With a fortnightly visit from the residence&#8217;s family doctor and the management of medical records by the head nursing assistant, residents who wish to receive on-site medical supervision without having to go outside are well catered for.<\/p>\n<p>What&#8217;s more, <strong>our 24-hour staff<\/strong> is a guarantee of safety.<\/p>\n<\/p>\n<p>Over the years, residents&#8217; state of health can change. That&#8217;s why the residence&#8217;s care team, in collaboration with various CLSC and CIUSSS staff, carries out assessments as needed, to ensure that residents are well cared for and receive all the help they need. Residents wishing to receive services can add them to their lease or \u00e0 la carte, depending on the frequency they wish. Personal assistance, domestic help and nursing services are also available.<\/p>\n\t\t\t\t\t\t\t\t<\/div>\n\t\t\t\t<\/div>\n\t\t\t\t\t<\/div>\n\t\t<\/div>\n\t\t\t\t\t<\/div>\n\t\t<\/section>\n\t\t\t\t<section class=\"elementor-section elementor-top-section elementor-element elementor-element-6ad06aa5 elementor-section-boxed elementor-section-height-default elementor-section-height-default\" data-id=\"6ad06aa5\" data-element_type=\"section\" data-e-type=\"section\" id=\"repas\">\n\t\t\t\t\t\t<div class=\"elementor-container elementor-column-gap-default\">\n\t\t\t\t\t<div class=\"elementor-column elementor-col-50 elementor-top-column elementor-element elementor-element-3cb6c5ed elementor-invisible\" data-id=\"3cb6c5ed\" data-element_type=\"column\" data-e-type=\"column\" data-settings=\"{&quot;animation&quot;:&quot;fadeInUp&quot;}\">\n\t\t\t<div class=\"elementor-widget-wrap elementor-element-populated\">\n\t\t\t\t\t\t<div class=\"elementor-element elementor-element-2ca4c508 elementor-widget elementor-widget-heading\" data-id=\"2ca4c508\" data-element_type=\"widget\" data-e-type=\"widget\" data-widget_type=\"heading.default\">\n\t\t\t\t<div class=\"elementor-widget-container\">\n\t\t\t\t\t<h2 class=\"elementor-heading-title elementor-size-default\">Meals<\/h2>\t\t\t\t<\/div>\n\t\t\t\t<\/div>\n\t\t\t\t<div class=\"elementor-element elementor-element-785f8429 elementor-widget elementor-widget-text-editor\" data-id=\"785f8429\" data-element_type=\"widget\" data-e-type=\"widget\" data-widget_type=\"text-editor.default\">\n\t\t\t\t<div class=\"elementor-widget-container\">\n\t\t\t\t\t\t\t\t\t<p>In the bright, spacious dining room, residents are served at the table, just like in a restaurant. We offer 3 meals a day. During each service, residents choose from a choice of two varied daily menus, with the option of selecting one of the many \u00e0 la carte menus when they feel like it. Meals cooked on site by our qualified chef are based on Canada&#8217;s Food Guide and are adapted to the nutritional needs of seniors.<\/p>\n<p>The daily menus are based on a 5-week cycle, which the chef transforms over the months to prioritize seasonal foods.&nbsp;<\/p>\n<p>Residents who prefer to enjoy their meals in the comfort of their own apartment can take advantage of a cabaret delivery service on an as-needed or daily basis.<\/p>\n<p>Bon App\u00e9tit!<\/p>\t\t\t\t\t\t\t\t<\/div>\n\t\t\t\t<\/div>\n\t\t\t\t\t<\/div>\n\t\t<\/div>\n\t\t\t\t<div class=\"elementor-column elementor-col-50 elementor-top-column elementor-element elementor-element-5d3dc23c elementor-invisible\" data-id=\"5d3dc23c\" data-element_type=\"column\" data-e-type=\"column\" data-settings=\"{&quot;animation&quot;:&quot;fadeIn&quot;}\">\n\t\t\t<div class=\"elementor-widget-wrap elementor-element-populated\">\n\t\t\t\t\t\t<div class=\"elementor-element elementor-element-d9ce3a7 elementor-widget elementor-widget-image\" data-id=\"d9ce3a7\" data-element_type=\"widget\" data-e-type=\"widget\" data-widget_type=\"image.default\">\n\t\t\t\t<div class=\"elementor-widget-container\">\n\t\t\t\t\t\t\t\t\t\t\t\t\t\t\t<img decoding=\"async\" src=\"http:\/\/manoirgouin.com\/wp-content\/uploads\/2023\/06\/repas-manoir-gouin.jpg\" title=\"\" alt=\"\" loading=\"lazy\" \/>\t\t\t\t\t\t\t\t\t\t\t\t\t\t\t<\/div>\n\t\t\t\t<\/div>\n\t\t\t\t\t<\/div>\n\t\t<\/div>\n\t\t\t\t\t<\/div>\n\t\t<\/section>\n\t\t\t\t<section class=\"elementor-section elementor-top-section elementor-element elementor-element-4dfff012 elementor-section-boxed elementor-section-height-default elementor-section-height-default\" data-id=\"4dfff012\" data-element_type=\"section\" data-e-type=\"section\" id=\"securite\" data-settings=\"{&quot;background_background&quot;:&quot;classic&quot;}\">\n\t\t\t\t\t\t<div class=\"elementor-container elementor-column-gap-default\">\n\t\t\t\t\t<div class=\"elementor-column elementor-col-100 elementor-top-column elementor-element elementor-element-3b8c4cf7 elementor-invisible\" data-id=\"3b8c4cf7\" data-element_type=\"column\" data-e-type=\"column\" data-settings=\"{&quot;animation&quot;:&quot;fadeIn&quot;}\">\n\t\t\t<div class=\"elementor-widget-wrap elementor-element-populated\">\n\t\t\t\t\t\t<div class=\"elementor-element elementor-element-11e32ad7 elementor-widget elementor-widget-heading\" data-id=\"11e32ad7\" data-element_type=\"widget\" data-e-type=\"widget\" data-widget_type=\"heading.default\">\n\t\t\t\t<div class=\"elementor-widget-container\">\n\t\t\t\t\t<h2 class=\"elementor-heading-title elementor-size-default\">Security<\/h2>\t\t\t\t<\/div>\n\t\t\t\t<\/div>\n\t\t\t\t<div class=\"elementor-element elementor-element-726ceaf3 elementor-widget elementor-widget-text-editor\" data-id=\"726ceaf3\" data-element_type=\"widget\" data-e-type=\"widget\" data-widget_type=\"text-editor.default\">\n\t\t\t\t<div class=\"elementor-widget-container\">\n\t\t\t\t\t\t\t\t\t<p>Manoir Gouin is a proud member of the <a href=\"https:\/\/www.rqra.qc.ca\/\">Regroupement qu\u00e9b\u00e9cois des r\u00e9sidences pour a\u00een\u00e9s (RQRA<\/a> ). RQRA is a non-profit organization of <a href=\"https:\/\/manoirgouin.com\/en\/\">seniors&#8217; residences<\/a>. Its 700 members, managers and owners of residences with over 78,000 rental units across Quebec, provide a quality living environment for independent seniors, as well as assistance and care for those in loss of autonomy. It contributes to the advancement of many key issues for the Quebec housing and seniors&#8217; housing sector, by leveraging its strength as a representative at the political, administrative and operational levels.<\/p>\n<p>Implementing a process of continuous improvement in the quality of the services we offer necessarily involves training. The Regroupement works closely with key players in the seniors&#8217; housing sector to develop structured training programs that meet the needs of its members.<\/p>\n\t\t\t\t\t\t\t\t<\/div>\n\t\t\t\t<\/div>\n\t\t\t\t<section class=\"elementor-section elementor-inner-section elementor-element elementor-element-0692d90 elementor-section-boxed elementor-section-height-default elementor-section-height-default\" data-id=\"0692d90\" data-element_type=\"section\" data-e-type=\"section\">\n\t\t\t\t\t\t<div class=\"elementor-container elementor-column-gap-default\">\n\t\t\t\t\t<div class=\"elementor-column elementor-col-100 elementor-inner-column elementor-element elementor-element-a3611dc elementor-invisible\" data-id=\"a3611dc\" data-element_type=\"column\" data-e-type=\"column\" data-settings=\"{&quot;animation&quot;:&quot;fadeInUp&quot;}\">\n\t\t\t<div class=\"elementor-widget-wrap elementor-element-populated\">\n\t\t\t\t\t\t<div class=\"elementor-element elementor-element-0dff0bc elementor-widget elementor-widget-heading\" data-id=\"0dff0bc\" data-element_type=\"widget\" data-e-type=\"widget\" data-widget_type=\"heading.default\">\n\t\t\t\t<div class=\"elementor-widget-container\">\n\t\t\t\t\t<h3 class=\"elementor-heading-title elementor-size-default\">A secure residence:<\/h3>\t\t\t\t<\/div>\n\t\t\t\t<\/div>\n\t\t\t\t<div class=\"elementor-element elementor-element-0be075f elementor-widget elementor-widget-text-editor\" data-id=\"0be075f\" data-element_type=\"widget\" data-e-type=\"widget\" data-widget_type=\"text-editor.default\">\n\t\t\t\t<div class=\"elementor-widget-container\">\n\t\t\t\t\t\t\t\t\t<ul>\n<li>Sprinklers<\/li>\n<li>Code of ethics and regulations<\/li>\n<li>Health assessment<\/li>\n<li>Assistance service for residents who are alone or require special services<\/li>\n<li>Cameras<\/li>\n<li>Emergency call pull cords<\/li>\n<li>Life line and GPS<\/li>\n<li>Fire drills<\/li>\n<li>24h trained staff<\/li>\n<li>RQRA member<\/li>\n<\/ul>\n\t\t\t\t\t\t\t\t<\/div>\n\t\t\t\t<\/div>\n\t\t\t\t\t<\/div>\n\t\t<\/div>\n\t\t\t\t\t<\/div>\n\t\t<\/section>\n\t\t\t\t\t<\/div>\n\t\t<\/div>\n\t\t\t\t\t<\/div>\n\t\t<\/section>\n\t\t\t\t<section class=\"elementor-section elementor-top-section elementor-element elementor-element-50561c20 elementor-section-boxed elementor-section-height-default elementor-section-height-default\" data-id=\"50561c20\" data-element_type=\"section\" data-e-type=\"section\" id=\"courts\">\n\t\t\t\t\t\t<div class=\"elementor-container elementor-column-gap-default\">\n\t\t\t\t\t<div class=\"elementor-column elementor-col-100 elementor-top-column elementor-element elementor-element-6b5f4f9 elementor-invisible\" data-id=\"6b5f4f9\" data-element_type=\"column\" data-e-type=\"column\" data-settings=\"{&quot;animation&quot;:&quot;fadeIn&quot;}\">\n\t\t\t<div class=\"elementor-widget-wrap elementor-element-populated\">\n\t\t\t\t\t\t<div class=\"elementor-element elementor-element-26a47567 elementor-widget elementor-widget-heading\" data-id=\"26a47567\" data-element_type=\"widget\" data-e-type=\"widget\" data-widget_type=\"heading.default\">\n\t\t\t\t<div class=\"elementor-widget-container\">\n\t\t\t\t\t<h2 class=\"elementor-heading-title elementor-size-default\">SHORT STAYS AND CONVALESCENCE  <\/h2>\t\t\t\t<\/div>\n\t\t\t\t<\/div>\n\t\t\t\t<div class=\"elementor-element elementor-element-d52ba0a elementor-widget elementor-widget-heading\" data-id=\"d52ba0a\" data-element_type=\"widget\" data-e-type=\"widget\" data-widget_type=\"heading.default\">\n\t\t\t\t<div class=\"elementor-widget-container\">\n\t\t\t\t\t<h4 class=\"elementor-heading-title elementor-size-default\">Daily, weekly or monthly  <\/h4>\t\t\t\t<\/div>\n\t\t\t\t<\/div>\n\t\t\t\t<div class=\"elementor-element elementor-element-2412e6fe elementor-widget elementor-widget-text-editor\" data-id=\"2412e6fe\" data-element_type=\"widget\" data-e-type=\"widget\" data-widget_type=\"text-editor.default\">\n\t\t\t\t<div class=\"elementor-widget-container\">\n\t\t\t\t\t\t\t\t\t<p>Those wishing to experience Manoir Gouin for a temporary period can do so by reserving a unit for a short stay. These temporary residents have access to all nursing home services, including 3 meals.<\/p>\n<p>Whether for a trial period, to assess a loved one&#8217;s autonomy, for <strong>convalescence<\/strong>, to receive treatment away from home at H\u00f4pital Sacr\u00e9-C\u0153ur, or simply for pleasure, those wishing to experience Manoir Gouin for a temporary period can do so by reserving a unit for a <strong>short stay<\/strong>.<\/p>\n<p>This type of rental gives access to all the residence&#8217;s services in a furnished 11\/2 or 31\/2 apartment, depending on availability. Manoir Gouin offers 3 meals, 2 snacks, weekly housekeeping, linen and towel laundry, cable TV, access to all activities and common areas.<\/p>\n<p><strong>Short-stay<\/strong> <a href=\"\/?page_id=7\">apartments<\/a> are available on a daily, weekly or monthly basis. Guests who wish to do so can add the health services available at the health center or in the apartment, according to current prices.<\/p>\n\t\t\t\t\t\t\t\t<\/div>\n\t\t\t\t<\/div>\n\t\t\t\t\t<\/div>\n\t\t<\/div>\n\t\t\t\t\t<\/div>\n\t\t<\/section>\n\t\t\t\t<section class=\"elementor-section elementor-top-section elementor-element elementor-element-6f54f947 elementor-section-boxed elementor-section-height-default elementor-section-height-default\" data-id=\"6f54f947\" data-element_type=\"section\" data-e-type=\"section\" id=\"loisir\" data-settings=\"{&quot;background_background&quot;:&quot;classic&quot;}\">\n\t\t\t\t\t\t<div class=\"elementor-container elementor-column-gap-default\">\n\t\t\t\t\t<div class=\"elementor-column elementor-col-100 elementor-top-column elementor-element elementor-element-362042b0 elementor-invisible\" data-id=\"362042b0\" data-element_type=\"column\" data-e-type=\"column\" data-settings=\"{&quot;animation&quot;:&quot;fadeIn&quot;}\">\n\t\t\t<div class=\"elementor-widget-wrap elementor-element-populated\">\n\t\t\t\t\t\t<div class=\"elementor-element elementor-element-8c56b3e elementor-widget elementor-widget-heading\" data-id=\"8c56b3e\" data-element_type=\"widget\" data-e-type=\"widget\" data-widget_type=\"heading.default\">\n\t\t\t\t<div class=\"elementor-widget-container\">\n\t\t\t\t\t<h2 class=\"elementor-heading-title elementor-size-default\">Activity<\/h2>\t\t\t\t<\/div>\n\t\t\t\t<\/div>\n\t\t\t\t<div class=\"elementor-element elementor-element-3c4e5284 elementor-widget elementor-widget-text-editor\" data-id=\"3c4e5284\" data-element_type=\"widget\" data-e-type=\"widget\" data-widget_type=\"text-editor.default\">\n\t\t\t\t<div class=\"elementor-widget-container\">\n\t\t\t\t\t\t\t\t\t<p>A wide variety of activities, proposed by our dynamic animator, are organized on a monthly basis. Each month, she gives you a calendar of daily activities adapted to seniors.<\/p>\n<p><em>We also offer individualized sessions for the most isolated residents to counter their loneliness.<\/em><\/p>\n<p>Monthly parties with live music and entertainment or special activities are organized to mark residents&#8217; birthdays.<\/p>\n<p>Our friendly cockatiel <strong>Charlot<\/strong> brightens up the entrance hall with his gentle chirps and little flights of fancy, to the delight of young and old visitors and residents alike.<\/p>\n<p>Numerous conferences are organized throughout the year to inform residents about subjects that affect them and are of concern to them. Community police officers, baccalaureate nurses, firefighters, notaries, dentists, pharmacists, massage therapists, occupational therapists, accountants and many other specialists came to make us aware of certain situations that could affect our residents.<\/p>\n\t\t\t\t\t\t\t\t<\/div>\n\t\t\t\t<\/div>\n\t\t\t\t<section class=\"elementor-section elementor-inner-section elementor-element elementor-element-166cd22 elementor-section-boxed elementor-section-height-default elementor-section-height-default\" data-id=\"166cd22\" data-element_type=\"section\" data-e-type=\"section\">\n\t\t\t\t\t\t<div class=\"elementor-container elementor-column-gap-default\">\n\t\t\t\t\t<div class=\"elementor-column elementor-col-50 elementor-inner-column elementor-element elementor-element-9308a9e\" data-id=\"9308a9e\" data-element_type=\"column\" data-e-type=\"column\">\n\t\t\t<div class=\"elementor-widget-wrap elementor-element-populated\">\n\t\t\t\t\t\t<div class=\"elementor-element elementor-element-4a169ff elementor-widget elementor-widget-heading\" data-id=\"4a169ff\" data-element_type=\"widget\" data-e-type=\"widget\" data-widget_type=\"heading.default\">\n\t\t\t\t<div class=\"elementor-widget-container\">\n\t\t\t\t\t<h2 class=\"elementor-heading-title elementor-size-default\">Activities to suit all tastes:  <\/h2>\t\t\t\t<\/div>\n\t\t\t\t<\/div>\n\t\t\t\t<div class=\"elementor-element elementor-element-84aad39 elementor-widget elementor-widget-text-editor\" data-id=\"84aad39\" data-element_type=\"widget\" data-e-type=\"widget\" data-widget_type=\"text-editor.default\">\n\t\t\t\t<div class=\"elementor-widget-container\">\n\t\t\t\t\t\t\t\t\t<ul>\n<li>Outputs<\/li>\n<li>Residents&#8217; parties<\/li>\n<li>Thematic activities<\/li>\n<li>Masses and rosary<\/li>\n<li>Crafts<\/li>\n<li>Meals on Wheels<\/li>\n<li>Tea time<\/li>\n<li>Discussions<\/li>\n<li>Quiz<\/li>\n<li>Exercises and gentle gymnastics<\/li>\n<li>Walking Club<\/li>\n<li>Bingo and OKO<\/li>\n<li>Card games<\/li>\n<li>Puzzle<\/li>\n<li>Petanque and shuffleboard<\/li>\n<li>Gardening<\/li>\n<li>Chant<\/li>\n<li>Zootherapy<\/li>\n<li>Stores<\/li>\n<\/ul>\n\t\t\t\t\t\t\t\t<\/div>\n\t\t\t\t<\/div>\n\t\t\t\t\t<\/div>\n\t\t<\/div>\n\t\t\t\t<div class=\"elementor-column elementor-col-50 elementor-inner-column elementor-element elementor-element-e51b367\" data-id=\"e51b367\" data-element_type=\"column\" data-e-type=\"column\">\n\t\t\t<div class=\"elementor-widget-wrap elementor-element-populated\">\n\t\t\t\t\t\t<div class=\"elementor-element elementor-element-eb274af elementor-widget elementor-widget-image\" data-id=\"eb274af\" data-element_type=\"widget\" data-e-type=\"widget\" data-widget_type=\"image.default\">\n\t\t\t\t<div class=\"elementor-widget-container\">\n\t\t\t\t\t\t\t\t\t\t\t\t\t\t\t<img decoding=\"async\" src=\"http:\/\/manoirgouin.com\/wp-content\/uploads\/2023\/06\/Activites-personnes-agees-photo-oiseaux-Manoir-Gouin-225x300-1.png\" title=\"\" alt=\"\" loading=\"lazy\" \/>\t\t\t\t\t\t\t\t\t\t\t\t\t\t\t<\/div>\n\t\t\t\t<\/div>\n\t\t\t\t\t<\/div>\n\t\t<\/div>\n\t\t\t\t\t<\/div>\n\t\t<\/section>\n\t\t\t\t\t<\/div>\n\t\t<\/div>\n\t\t\t\t\t<\/div>\n\t\t<\/section>\n\t\t\t\t<section class=\"elementor-section elementor-top-section elementor-element elementor-element-2b914fd5 elementor-section-boxed elementor-section-height-default elementor-section-height-default\" data-id=\"2b914fd5\" data-element_type=\"section\" data-e-type=\"section\" id=\"aide\" data-settings=\"{&quot;background_background&quot;:&quot;classic&quot;}\">\n\t\t\t\t\t\t<div class=\"elementor-container elementor-column-gap-default\">\n\t\t\t\t\t<div class=\"elementor-column elementor-col-100 elementor-top-column elementor-element elementor-element-3c83fa5b elementor-invisible\" data-id=\"3c83fa5b\" data-element_type=\"column\" data-e-type=\"column\" data-settings=\"{&quot;animation&quot;:&quot;fadeIn&quot;}\">\n\t\t\t<div class=\"elementor-widget-wrap elementor-element-populated\">\n\t\t\t\t\t\t<div class=\"elementor-element elementor-element-ac2c107 elementor-widget elementor-widget-heading\" data-id=\"ac2c107\" data-element_type=\"widget\" data-e-type=\"widget\" data-widget_type=\"heading.default\">\n\t\t\t\t<div class=\"elementor-widget-container\">\n\t\t\t\t\t<h2 class=\"elementor-heading-title elementor-size-default\">Financial assistance  <\/h2>\t\t\t\t<\/div>\n\t\t\t\t<\/div>\n\t\t\t\t<div class=\"elementor-element elementor-element-37a92b7e elementor-widget elementor-widget-text-editor\" data-id=\"37a92b7e\" data-element_type=\"widget\" data-e-type=\"widget\" data-widget_type=\"text-editor.default\">\n\t\t\t\t<div class=\"elementor-widget-container\">\n\t\t\t\t\t\t\t\t\t<p>Residents aged 70 and over are eligible for financial assistance in the form of monthly payments (averaging between $141.00 and $430.00), thanks to the tax credit for home support for the elderly and the housing allowance.<\/p>\n\t\t\t\t\t\t\t\t<\/div>\n\t\t\t\t<\/div>\n\t\t\t\t\t<\/div>\n\t\t<\/div>\n\t\t\t\t\t<\/div>\n\t\t<\/section>\n\t\t\t\t<section class=\"elementor-section elementor-top-section elementor-element elementor-element-c7c617e elementor-section-boxed elementor-section-height-default elementor-section-height-default\" data-id=\"c7c617e\" data-element_type=\"section\" data-e-type=\"section\" id=\"admissibilite\" data-settings=\"{&quot;background_background&quot;:&quot;classic&quot;}\">\n\t\t\t\t\t\t<div class=\"elementor-container elementor-column-gap-default\">\n\t\t\t\t\t<div class=\"elementor-column elementor-col-100 elementor-top-column elementor-element elementor-element-2648b18 elementor-invisible\" data-id=\"2648b18\" data-element_type=\"column\" data-e-type=\"column\" data-settings=\"{&quot;animation&quot;:&quot;fadeIn&quot;}\">\n\t\t\t<div class=\"elementor-widget-wrap elementor-element-populated\">\n\t\t\t\t\t\t<div class=\"elementor-element elementor-element-baf668b elementor-widget elementor-widget-heading\" data-id=\"baf668b\" data-element_type=\"widget\" data-e-type=\"widget\" data-widget_type=\"heading.default\">\n\t\t\t\t<div class=\"elementor-widget-container\">\n\t\t\t\t\t<h2 class=\"elementor-heading-title elementor-size-default\">Eligibility criteria:  <\/h2>\t\t\t\t<\/div>\n\t\t\t\t<\/div>\n\t\t\t\t<div class=\"elementor-element elementor-element-0c58bb2 elementor-widget elementor-widget-text-editor\" data-id=\"0c58bb2\" data-element_type=\"widget\" data-e-type=\"widget\" data-widget_type=\"text-editor.default\">\n\t\t\t\t<div class=\"elementor-widget-container\">\n\t\t\t\t\t\t\t\t\t<p class=\"fusion-responsive-typography-calculated\" data-fontsize=\"18\" data-lineheight=\"30.06px\">To be eligible for Manoir Gouin, the future resident must be:<\/p>\n<ul>\n<li>Age 65 and over;<\/li>\n<li>Autonomous or semi-autonomous;<\/li>\n<li>Able to move about independently or with the aid of a cane, walker, quadripod or wheelchair for longer distances.<\/li>\n<li>Able to carry out transfers alone<\/li>\n<li>Able to go up and down stairs in an emergency, alone or with assistance;<\/li>\n<li>Oriented to time, space and people (not at risk of running away and\/or wandering)<\/li>\n<li>Able to maintain a peaceful climate and not harm others<\/li>\n<\/ul>\n\t\t\t\t\t\t\t\t<\/div>\n\t\t\t\t<\/div>\n\t\t\t\t<div class=\"elementor-element elementor-element-95f6e51 elementor-widget elementor-widget-heading\" data-id=\"95f6e51\" data-element_type=\"widget\" data-e-type=\"widget\" data-widget_type=\"heading.default\">\n\t\t\t\t<div class=\"elementor-widget-container\">\n\t\t\t\t\t<h3 class=\"elementor-heading-title elementor-size-default\">Criteria Government grants, tax credit and housing allowance:  <\/h3>\t\t\t\t<\/div>\n\t\t\t\t<\/div>\n\t\t\t\t<div class=\"elementor-element elementor-element-795a408 elementor-widget elementor-widget-text-editor\" data-id=\"795a408\" data-element_type=\"widget\" data-e-type=\"widget\" data-widget_type=\"text-editor.default\">\n\t\t\t\t<div class=\"elementor-widget-container\">\n\t\t\t\t\t\t\t\t\t<ul>\n<li>Tax credit for maintaining an elderly person at home<\/li>\n<li>Housing allowance<\/li>\n<li>Home care and services program<\/li>\n<\/ul>\n\t\t\t\t\t\t\t\t<\/div>\n\t\t\t\t<\/div>\n\t\t\t\t\t<\/div>\n\t\t<\/div>\n\t\t\t\t\t<\/div>\n\t\t<\/section>\n\t\t\t\t<\/div>\n\t\t","protected":false},"excerpt":{"rendered":"<p>Services Care A range of care, based on our experience of the needs of the elderly and complementing the services offered by the local CLSC, is provided by our attentive care team. The team Our team of dedicated orderlies, patient-focused nursing assistants and qualified night supervisors receive training in accordance with the requirements of the [&hellip;]<\/p>\n","protected":false},"author":5,"featured_media":0,"parent":0,"menu_order":0,"comment_status":"closed","ping_status":"closed","template":"elementor_header_footer","meta":{"_seopress_robots_primary_cat":"","_seopress_titles_title":"","_seopress_titles_desc":"","_seopress_robots_index":"","footnotes":""},"class_list":["post-14007","page","type-page","status-publish","hentry"],"_links":{"self":[{"href":"https:\/\/manoirgouin.com\/en\/wp-json\/wp\/v2\/pages\/14007","targetHints":{"allow":["GET"]}}],"collection":[{"href":"https:\/\/manoirgouin.com\/en\/wp-json\/wp\/v2\/pages"}],"about":[{"href":"https:\/\/manoirgouin.com\/en\/wp-json\/wp\/v2\/types\/page"}],"author":[{"embeddable":true,"href":"https:\/\/manoirgouin.com\/en\/wp-json\/wp\/v2\/users\/5"}],"replies":[{"embeddable":true,"href":"https:\/\/manoirgouin.com\/en\/wp-json\/wp\/v2\/comments?post=14007"}],"version-history":[{"count":4,"href":"https:\/\/manoirgouin.com\/en\/wp-json\/wp\/v2\/pages\/14007\/revisions"}],"predecessor-version":[{"id":14498,"href":"https:\/\/manoirgouin.com\/en\/wp-json\/wp\/v2\/pages\/14007\/revisions\/14498"}],"wp:attachment":[{"href":"https:\/\/manoirgouin.com\/en\/wp-json\/wp\/v2\/media?parent=14007"}],"curies":[{"name":"wp","href":"https:\/\/api.w.org\/{rel}","templated":true}]}}